{"id":2333,"date":"2020-06-05T18:07:38","date_gmt":"2020-06-05T17:07:38","guid":{"rendered":"https:\/\/tc.onmodul.com\/product\/sheqer-gota-plastike-dhe-luge-plastike\/"},"modified":"2021-01-28T14:15:38","modified_gmt":"2021-01-28T14:15:38","slug":"sheqer-gota-plastike-dhe-luge-plastike","status":"publish","type":"product","link":"https:\/\/tuttocapsule-ks.com\/en\/product\/sheqer-gota-plastike-dhe-luge-plastike\/","title":{"rendered":"Sheqer, gota plastike dhe lug\u00eb plastike 150 cop\u00eb"},"content":{"rendered":"<p>Sheqer, gota plastike dhe lug\u00eb plastike p\u00ebr t\u00eb gjitha sistemet dhe brendet (x150)<\/p>","protected":false},"excerpt":{"rendered":"<p>Sheqer, gota plastike dhe lug\u00eb plastike p\u00ebr t\u00eb gjitha sistemet dhe brendet (x150)<\/p>","protected":false},"featured_media":2176,"template":"","meta":[],"product_cat":[15],"product_tag":[],"_links":{"self":[{"href":"https:\/\/tuttocapsule-ks.com\/en\/wp-json\/wp\/v2\/product\/2333"}],"collection":[{"href":"https:\/\/tuttocapsule-ks.com\/en\/wp-json\/wp\/v2\/product"}],"about":[{"href":"https:\/\/tuttocapsule-ks.com\/en\/wp-json\/wp\/v2\/types\/product"}],"wp:featuredmedia":[{"embeddable":true,"href":"https:\/\/tuttocapsule-ks.com\/en\/wp-json\/wp\/v2\/media\/2176"}],"wp:attachment":[{"href":"https:\/\/tuttocapsule-ks.com\/en\/wp-json\/wp\/v2\/media?parent=2333"}],"wp:term":[{"taxonomy":"product_cat","embeddable":true,"href":"https:\/\/tuttocapsule-ks.com\/en\/wp-json\/wp\/v2\/product_cat?post=2333"},{"taxonomy":"product_tag","embeddable":true,"href":"https:\/\/tuttocapsule-ks.com\/en\/wp-json\/wp\/v2\/product_tag?post=2333"}],"curies":[{"name":"wp","href":"https:\/\/api.w.org\/{rel}","templated":true}]}}