{"id":2334,"date":"2020-06-05T18:07:38","date_gmt":"2020-06-05T17:07:38","guid":{"rendered":"https:\/\/tc.onmodul.com\/product\/sheqer-gota-plastike-dhe-luge-plastike-2\/"},"modified":"2021-10-14T09:32:59","modified_gmt":"2021-10-14T08:32:59","slug":"sheqer-gota-plastike-dhe-luge-plastike-2","status":"publish","type":"product","link":"https:\/\/tuttocapsule-ks.com\/en\/product\/sheqer-gota-plastike-dhe-luge-plastike-2\/","title":{"rendered":"Sheqer, gota plastike dhe lug\u00eb plastike 100 cop\u00eb"},"content":{"rendered":"<p>Sheqer, gota plastike dhe lug\u00eb plastike p\u00ebr t\u00eb gjitha sistemet dhe brendet (x100)<\/p>","protected":false},"excerpt":{"rendered":"<p>Sheqer, gota plastike dhe lug\u00eb plastike p\u00ebr t\u00eb gjitha sistemet dhe brendet (x100)<\/p>","protected":false},"featured_media":2177,"template":"","meta":[],"product_cat":[15],"product_tag":[],"_links":{"self":[{"href":"https:\/\/tuttocapsule-ks.com\/en\/wp-json\/wp\/v2\/product\/2334"}],"collection":[{"href":"https:\/\/tuttocapsule-ks.com\/en\/wp-json\/wp\/v2\/product"}],"about":[{"href":"https:\/\/tuttocapsule-ks.com\/en\/wp-json\/wp\/v2\/types\/product"}],"wp:featuredmedia":[{"embeddable":true,"href":"https:\/\/tuttocapsule-ks.com\/en\/wp-json\/wp\/v2\/media\/2177"}],"wp:attachment":[{"href":"https:\/\/tuttocapsule-ks.com\/en\/wp-json\/wp\/v2\/media?parent=2334"}],"wp:term":[{"taxonomy":"product_cat","embeddable":true,"href":"https:\/\/tuttocapsule-ks.com\/en\/wp-json\/wp\/v2\/product_cat?post=2334"},{"taxonomy":"product_tag","embeddable":true,"href":"https:\/\/tuttocapsule-ks.com\/en\/wp-json\/wp\/v2\/product_tag?post=2334"}],"curies":[{"name":"wp","href":"https:\/\/api.w.org\/{rel}","templated":true}]}}