{"id":2401,"date":"2020-06-05T18:10:15","date_gmt":"2020-06-05T16:10:15","guid":{"rendered":"https:\/\/tc.onmodul.com\/product\/lavazza-fap-crema-aroma-perzierje-kompatibile-me-espresso-point-100-kapsula\/"},"modified":"2026-01-15T19:32:33","modified_gmt":"2026-01-15T18:32:33","slug":"lavazza-fap-crema-aroma-perzierje-kompatibile-me-espresso-point-100-kapsula","status":"publish","type":"product","link":"https:\/\/tuttocapsule-ks.com\/en\/product\/lavazza-fap-crema-aroma-perzierje-kompatibile-me-espresso-point-100-kapsula\/","title":{"rendered":"Lavazza Fap Crema Aroma, p\u00ebrzierje kompatibile me Espresso Point\u00ae (100 kapsula)"},"content":{"rendered":"<p>&#8211; Perzierje Arabica dhe Robusta<br \/>\n&#8211; Prejardhja \u2013 Amerika Qendrore dhe Jugore dhe Afrika<br \/>\n&#8211; Arome e ekuilibruar, e fort\u00eb, e vazhdueshme dhe e \u00ebmb\u00ebl<br \/>\n&#8211; Trup te plote<br \/>\n&#8211; Intensiteti \u2013 10<br \/>\n&#8211; Pjekja \u2013 mesatare<\/p>","protected":false},"excerpt":{"rendered":"<p>&#8211; Perzierje Arabica dhe Robusta &#8211; Prejardhja \u2013 Amerika Qendrore dhe Jugore dhe Afrika &#8211; Arome e ekuilibruar, e fort\u00eb, e vazhdueshme dhe e \u00ebmb\u00ebl &#8211; Trup te plote &#8211; Intensiteti \u2013 10 &#8211; Pjekja \u2013 mesatare<\/p>","protected":false},"featured_media":2240,"template":"","meta":[],"product_cat":[84],"product_tag":[],"_links":{"self":[{"href":"https:\/\/tuttocapsule-ks.com\/en\/wp-json\/wp\/v2\/product\/2401"}],"collection":[{"href":"https:\/\/tuttocapsule-ks.com\/en\/wp-json\/wp\/v2\/product"}],"about":[{"href":"https:\/\/tuttocapsule-ks.com\/en\/wp-json\/wp\/v2\/types\/product"}],"wp:featuredmedia":[{"embeddable":true,"href":"https:\/\/tuttocapsule-ks.com\/en\/wp-json\/wp\/v2\/media\/2240"}],"wp:attachment":[{"href":"https:\/\/tuttocapsule-ks.com\/en\/wp-json\/wp\/v2\/media?parent=2401"}],"wp:term":[{"taxonomy":"product_cat","embeddable":true,"href":"https:\/\/tuttocapsule-ks.com\/en\/wp-json\/wp\/v2\/product_cat?post=2401"},{"taxonomy":"product_tag","embeddable":true,"href":"https:\/\/tuttocapsule-ks.com\/en\/wp-json\/wp\/v2\/product_tag?post=2401"}],"curies":[{"name":"wp","href":"https:\/\/api.w.org\/{rel}","templated":true}]}}