{"id":2439,"date":"2020-06-05T18:11:18","date_gmt":"2020-06-05T16:11:18","guid":{"rendered":"https:\/\/tc.onmodul.com\/product\/caffe-pagliero-crema-bar-perzierje-kompatibile-me-nescafe-dolce-gusto-50-kapsula\/"},"modified":"2026-04-20T12:44:27","modified_gmt":"2026-04-20T10:44:27","slug":"caffe-pagliero-crema-bar-perzierje-kompatibile-me-nescafe-dolce-gusto-50-kapsula","status":"publish","type":"product","link":"https:\/\/tuttocapsule-ks.com\/en\/product\/caffe-pagliero-crema-bar-perzierje-kompatibile-me-nescafe-dolce-gusto-50-kapsula\/","title":{"rendered":"Caff\u00e8 Pagliero Crema Bar, p\u00ebrzierje kompatibile me Nescaf\u00e8\u00ae Dolce Gusto\u00ae (50 kapsula)"},"content":{"rendered":"<p>&#8211; Perzierje e Arabica dhe Robusta<br \/>\n&#8211; Espresso kremoze<br \/>\n&#8211; Me shije te pasur dhe te ekuilibruar<\/p>","protected":false},"excerpt":{"rendered":"<p>&#8211; Perzierje e Arabica dhe Robusta &#8211; Espresso kremoze &#8211; Me shije te pasur dhe te ekuilibruar<\/p>","protected":false},"featured_media":6404,"template":"","meta":[],"product_cat":[82],"product_tag":[],"_links":{"self":[{"href":"https:\/\/tuttocapsule-ks.com\/en\/wp-json\/wp\/v2\/product\/2439"}],"collection":[{"href":"https:\/\/tuttocapsule-ks.com\/en\/wp-json\/wp\/v2\/product"}],"about":[{"href":"https:\/\/tuttocapsule-ks.com\/en\/wp-json\/wp\/v2\/types\/product"}],"wp:featuredmedia":[{"embeddable":true,"href":"https:\/\/tuttocapsule-ks.com\/en\/wp-json\/wp\/v2\/media\/6404"}],"wp:attachment":[{"href":"https:\/\/tuttocapsule-ks.com\/en\/wp-json\/wp\/v2\/media?parent=2439"}],"wp:term":[{"taxonomy":"product_cat","embeddable":true,"href":"https:\/\/tuttocapsule-ks.com\/en\/wp-json\/wp\/v2\/product_cat?post=2439"},{"taxonomy":"product_tag","embeddable":true,"href":"https:\/\/tuttocapsule-ks.com\/en\/wp-json\/wp\/v2\/product_tag?post=2439"}],"curies":[{"name":"wp","href":"https:\/\/api.w.org\/{rel}","templated":true}]}}