{"id":3074,"date":"2020-11-27T07:37:05","date_gmt":"2020-11-27T06:37:05","guid":{"rendered":"https:\/\/tc.onmodul.com\/?post_type=product&#038;p=3074"},"modified":"2026-02-11T17:21:24","modified_gmt":"2026-02-11T16:21:24","slug":"aqua-light-filter-per-pastrimin-e-aparatit","status":"publish","type":"product","link":"https:\/\/tuttocapsule-ks.com\/en\/product\/aqua-light-filter-per-pastrimin-e-aparatit\/","title":{"rendered":"Aqua light filter p\u00ebr pastrimin e aparatit"},"content":{"rendered":"<p>&#8211; Vendoset n\u00eb rezervarin (ngroh\u00ebsin) e ujit<br \/>\n&#8211; I p\u00ebrdoruesh\u00ebm deri n\u00eb 365 dit\u00eb<\/p>","protected":false},"excerpt":{"rendered":"<p>&#8211; Vendoset n\u00eb rezervarin (ngroh\u00ebsin) e ujit &#8211; I p\u00ebrdoruesh\u00ebm deri n\u00eb 365 dit\u00eb<\/p>","protected":false},"featured_media":3075,"template":"","meta":[],"product_cat":[15],"product_tag":[],"_links":{"self":[{"href":"https:\/\/tuttocapsule-ks.com\/en\/wp-json\/wp\/v2\/product\/3074"}],"collection":[{"href":"https:\/\/tuttocapsule-ks.com\/en\/wp-json\/wp\/v2\/product"}],"about":[{"href":"https:\/\/tuttocapsule-ks.com\/en\/wp-json\/wp\/v2\/types\/product"}],"wp:featuredmedia":[{"embeddable":true,"href":"https:\/\/tuttocapsule-ks.com\/en\/wp-json\/wp\/v2\/media\/3075"}],"wp:attachment":[{"href":"https:\/\/tuttocapsule-ks.com\/en\/wp-json\/wp\/v2\/media?parent=3074"}],"wp:term":[{"taxonomy":"product_cat","embeddable":true,"href":"https:\/\/tuttocapsule-ks.com\/en\/wp-json\/wp\/v2\/product_cat?post=3074"},{"taxonomy":"product_tag","embeddable":true,"href":"https:\/\/tuttocapsule-ks.com\/en\/wp-json\/wp\/v2\/product_tag?post=3074"}],"curies":[{"name":"wp","href":"https:\/\/api.w.org\/{rel}","templated":true}]}}