{"id":3200,"date":"2021-02-02T18:40:38","date_gmt":"2021-02-02T17:40:38","guid":{"rendered":"https:\/\/tc.onmodul.com\/?post_type=product&#038;p=3200"},"modified":"2026-03-24T12:37:56","modified_gmt":"2026-03-24T11:37:56","slug":"pagliero-cremoso-1-kg","status":"publish","type":"product","link":"https:\/\/tuttocapsule-ks.com\/en\/product\/pagliero-cremoso-1-kg\/","title":{"rendered":"Pagliero Cremoso 1 kg"},"content":{"rendered":"<p>&#8211; Kafe kok\u00ebrr 1 kg<br \/>\n&#8211; P\u00ebr nj\u00eb espresso kremoze<\/p>","protected":false},"excerpt":{"rendered":"<p>&#8211; Kafe kok\u00ebrr 1 kg &#8211; P\u00ebr nj\u00eb espresso kremoze<\/p>","protected":false},"featured_media":5780,"template":"","meta":[],"product_cat":[101],"product_tag":[],"_links":{"self":[{"href":"https:\/\/tuttocapsule-ks.com\/en\/wp-json\/wp\/v2\/product\/3200"}],"collection":[{"href":"https:\/\/tuttocapsule-ks.com\/en\/wp-json\/wp\/v2\/product"}],"about":[{"href":"https:\/\/tuttocapsule-ks.com\/en\/wp-json\/wp\/v2\/types\/product"}],"wp:featuredmedia":[{"embeddable":true,"href":"https:\/\/tuttocapsule-ks.com\/en\/wp-json\/wp\/v2\/media\/5780"}],"wp:attachment":[{"href":"https:\/\/tuttocapsule-ks.com\/en\/wp-json\/wp\/v2\/media?parent=3200"}],"wp:term":[{"taxonomy":"product_cat","embeddable":true,"href":"https:\/\/tuttocapsule-ks.com\/en\/wp-json\/wp\/v2\/product_cat?post=3200"},{"taxonomy":"product_tag","embeddable":true,"href":"https:\/\/tuttocapsule-ks.com\/en\/wp-json\/wp\/v2\/product_tag?post=3200"}],"curies":[{"name":"wp","href":"https:\/\/api.w.org\/{rel}","templated":true}]}}