{"id":3936,"date":"2021-08-12T13:11:37","date_gmt":"2021-08-12T11:11:37","guid":{"rendered":"https:\/\/tuttocapsule-ks.com\/?post_type=product&#038;p=3936"},"modified":"2026-03-11T13:09:01","modified_gmt":"2026-03-11T12:09:01","slug":"dolce-vita-kids-cokollate-perzierje-kompatibile-me-dolce-gusto-16-kapsula","status":"publish","type":"product","link":"https:\/\/tuttocapsule-ks.com\/en\/product\/dolce-vita-kids-cokollate-perzierje-kompatibile-me-dolce-gusto-16-kapsula\/","title":{"rendered":"Dolce Vita Kids \u00e7okollat\u00eb, p\u00ebrzierje kompatibile me Dolce Gusto\u00ae (12 kapsula)"},"content":{"rendered":"<p>\u2013 \u00c7okollate e nxehte<\/p>","protected":false},"excerpt":{"rendered":"<p>\u2013 \u00c7okollate e nxehte<\/p>","protected":false},"featured_media":8450,"template":"","meta":[],"product_cat":[82],"product_tag":[],"_links":{"self":[{"href":"https:\/\/tuttocapsule-ks.com\/en\/wp-json\/wp\/v2\/product\/3936"}],"collection":[{"href":"https:\/\/tuttocapsule-ks.com\/en\/wp-json\/wp\/v2\/product"}],"about":[{"href":"https:\/\/tuttocapsule-ks.com\/en\/wp-json\/wp\/v2\/types\/product"}],"wp:featuredmedia":[{"embeddable":true,"href":"https:\/\/tuttocapsule-ks.com\/en\/wp-json\/wp\/v2\/media\/8450"}],"wp:attachment":[{"href":"https:\/\/tuttocapsule-ks.com\/en\/wp-json\/wp\/v2\/media?parent=3936"}],"wp:term":[{"taxonomy":"product_cat","embeddable":true,"href":"https:\/\/tuttocapsule-ks.com\/en\/wp-json\/wp\/v2\/product_cat?post=3936"},{"taxonomy":"product_tag","embeddable":true,"href":"https:\/\/tuttocapsule-ks.com\/en\/wp-json\/wp\/v2\/product_tag?post=3936"}],"curies":[{"name":"wp","href":"https:\/\/api.w.org\/{rel}","templated":true}]}}