{"id":4458,"date":"2022-02-13T08:26:38","date_gmt":"2022-02-13T07:26:38","guid":{"rendered":"https:\/\/tuttocapsule-ks.com\/?post_type=product&#038;p=4458"},"modified":"2025-08-28T16:33:27","modified_gmt":"2025-08-28T14:33:27","slug":"chocup-gote-wafer-me-cokollate","status":"publish","type":"product","link":"https:\/\/tuttocapsule-ks.com\/en\/product\/chocup-gote-wafer-me-cokollate\/","title":{"rendered":"ChoCup Mini got\u00eb wafer me \u00e7okollat\u00eb"},"content":{"rendered":"<p>&#8211; Got\u00eb n\u00eb form\u00eb kaushi\/korneti e mbushur me \u00e7okollat\u00eb e cila nuk shkrihet, por \u00ebsht\u00eb e ngr\u00ebnshme pas p\u00ebrfundimit t\u00eb kafes.<br \/>\n&#8211; Pako ka 5 cope<\/p>","protected":false},"excerpt":{"rendered":"<p>&#8211; Got\u00eb n\u00eb form\u00eb kaushi\/korneti e mbushur me \u00e7okollat\u00eb e cila nuk shkrihet, por \u00ebsht\u00eb e ngr\u00ebnshme pas p\u00ebrfundimit t\u00eb kafes. &#8211; Pako ka 5 cope<\/p>","protected":false},"featured_media":6392,"template":"","meta":[],"product_cat":[108],"product_tag":[],"_links":{"self":[{"href":"https:\/\/tuttocapsule-ks.com\/en\/wp-json\/wp\/v2\/product\/4458"}],"collection":[{"href":"https:\/\/tuttocapsule-ks.com\/en\/wp-json\/wp\/v2\/product"}],"about":[{"href":"https:\/\/tuttocapsule-ks.com\/en\/wp-json\/wp\/v2\/types\/product"}],"wp:featuredmedia":[{"embeddable":true,"href":"https:\/\/tuttocapsule-ks.com\/en\/wp-json\/wp\/v2\/media\/6392"}],"wp:attachment":[{"href":"https:\/\/tuttocapsule-ks.com\/en\/wp-json\/wp\/v2\/media?parent=4458"}],"wp:term":[{"taxonomy":"product_cat","embeddable":true,"href":"https:\/\/tuttocapsule-ks.com\/en\/wp-json\/wp\/v2\/product_cat?post=4458"},{"taxonomy":"product_tag","embeddable":true,"href":"https:\/\/tuttocapsule-ks.com\/en\/wp-json\/wp\/v2\/product_tag?post=4458"}],"curies":[{"name":"wp","href":"https:\/\/api.w.org\/{rel}","templated":true}]}}