{"id":6092,"date":"2024-06-21T12:34:11","date_gmt":"2024-06-21T10:34:11","guid":{"rendered":"https:\/\/tuttocapsule-ks.com\/?post_type=product&#038;p=6092"},"modified":"2026-03-24T12:37:43","modified_gmt":"2026-03-24T11:37:43","slug":"pagliero-bar-1-kg","status":"publish","type":"product","link":"https:\/\/tuttocapsule-ks.com\/en\/product\/pagliero-bar-1-kg\/","title":{"rendered":"Pagliero Bar 1 kg"},"content":{"rendered":"<p>&#8211; Kafe kok\u00ebrr 1 kg<br \/>\n&#8211; P\u00ebr nj\u00eb espresso kremoze<\/p>","protected":false},"excerpt":{"rendered":"<p>&#8211; Kafe kok\u00ebrr 1 kg &#8211; P\u00ebr nj\u00eb espresso kremoze<\/p>","protected":false},"featured_media":6910,"template":"","meta":[],"product_cat":[101],"product_tag":[],"_links":{"self":[{"href":"https:\/\/tuttocapsule-ks.com\/en\/wp-json\/wp\/v2\/product\/6092"}],"collection":[{"href":"https:\/\/tuttocapsule-ks.com\/en\/wp-json\/wp\/v2\/product"}],"about":[{"href":"https:\/\/tuttocapsule-ks.com\/en\/wp-json\/wp\/v2\/types\/product"}],"wp:featuredmedia":[{"embeddable":true,"href":"https:\/\/tuttocapsule-ks.com\/en\/wp-json\/wp\/v2\/media\/6910"}],"wp:attachment":[{"href":"https:\/\/tuttocapsule-ks.com\/en\/wp-json\/wp\/v2\/media?parent=6092"}],"wp:term":[{"taxonomy":"product_cat","embeddable":true,"href":"https:\/\/tuttocapsule-ks.com\/en\/wp-json\/wp\/v2\/product_cat?post=6092"},{"taxonomy":"product_tag","embeddable":true,"href":"https:\/\/tuttocapsule-ks.com\/en\/wp-json\/wp\/v2\/product_tag?post=6092"}],"curies":[{"name":"wp","href":"https:\/\/api.w.org\/{rel}","templated":true}]}}